{"id":673,"date":"2024-10-31T22:54:42","date_gmt":"2024-10-31T22:54:42","guid":{"rendered":"https:\/\/www.ultrasist.mx\/ultrasite\/?page_id=673"},"modified":"2024-11-25T21:06:59","modified_gmt":"2024-11-25T21:06:59","slug":"canales-de-denuncias","status":"publish","type":"page","link":"https:\/\/www.ultrasist.mx\/ultrasite\/canales-de-denuncias\/","title":{"rendered":"Canales de denuncias"},"content":{"rendered":"\t\t<div data-elementor-type=\"wp-page\" data-elementor-id=\"673\" class=\"elementor elementor-673\">\n\t\t\t\t<div class=\"elementor-element elementor-element-cf665b0 e-flex e-con-boxed e-con e-parent\" data-id=\"cf665b0\" data-element_type=\"container\">\n\t\t\t\t\t<div class=\"e-con-inner\">\n\t\t\t\t<div class=\"elementor-element elementor-element-a882e3e elementor-widget elementor-widget-spacer\" data-id=\"a882e3e\" data-element_type=\"widget\" data-widget_type=\"spacer.default\">\n\t\t\t\t<div class=\"elementor-widget-container\">\n\t\t\t\t\t<div class=\"elementor-spacer\">\n\t\t\t<div class=\"elementor-spacer-inner\"><\/div>\n\t\t<\/div>\n\t\t\t\t<\/div>\n\t\t\t\t<\/div>\n\t\t\t\t\t<\/div>\n\t\t\t\t<\/div>\n\t\t<div class=\"elementor-element elementor-element-5dd19e6 e-flex e-con-boxed e-con e-parent\" data-id=\"5dd19e6\" data-element_type=\"container\">\n\t\t\t\t\t<div class=\"e-con-inner\">\n\t\t\t\t<div class=\"elementor-element elementor-element-e37b6a5 elementor-widget elementor-widget-image\" data-id=\"e37b6a5\" data-element_type=\"widget\" data-widget_type=\"image.default\">\n\t\t\t\t<div class=\"elementor-widget-container\">\n\t\t\t\t\t\t\t\t\t\t\t\t\t<img decoding=\"async\" src=\"https:\/\/www.ultrasist.mx\/ultrasite\/wp-content\/uploads\/2024\/11\/Header-Canales-de-denuncias-1-ok.jpg\" title=\"Header-Canales-de-denuncias-1-ok\" alt=\"Header-Canales-de-denuncias-1-ok\" loading=\"lazy\" \/>\t\t\t\t\t\t\t\t\t\t\t\t\t<\/div>\n\t\t\t\t<\/div>\n\t\t\t\t\t<\/div>\n\t\t\t\t<\/div>\n\t\t<div class=\"elementor-element elementor-element-a0ff5c0 e-flex e-con-boxed e-con e-parent\" data-id=\"a0ff5c0\" data-element_type=\"container\">\n\t\t\t\t\t<div class=\"e-con-inner\">\n\t\t\t\t<div class=\"elementor-element elementor-element-321376d elementor-widget elementor-widget-spacer\" data-id=\"321376d\" data-element_type=\"widget\" data-widget_type=\"spacer.default\">\n\t\t\t\t<div class=\"elementor-widget-container\">\n\t\t\t\t\t<div class=\"elementor-spacer\">\n\t\t\t<div class=\"elementor-spacer-inner\"><\/div>\n\t\t<\/div>\n\t\t\t\t<\/div>\n\t\t\t\t<\/div>\n\t\t\t\t\t<\/div>\n\t\t\t\t<\/div>\n\t\t<div class=\"elementor-element elementor-element-913fb53 e-flex e-con-boxed e-con e-parent\" data-id=\"913fb53\" data-element_type=\"container\">\n\t\t\t\t\t<div class=\"e-con-inner\">\n\t\t\t\t<div class=\"elementor-element elementor-element-dcc63bd elementor-widget elementor-widget-heading\" data-id=\"dcc63bd\" data-element_type=\"widget\" data-widget_type=\"heading.default\">\n\t\t\t\t<div class=\"elementor-widget-container\">\n\t\t\t<p class=\"elementor-heading-title elementor-size-default\">Denuncias de Soborno<\/p>\t\t<\/div>\n\t\t\t\t<\/div>\n\t\t\t\t<div class=\"elementor-element elementor-element-26fc88f elementor-widget elementor-widget-text-editor\" data-id=\"26fc88f\" data-element_type=\"widget\" data-widget_type=\"text-editor.default\">\n\t\t\t\t<div class=\"elementor-widget-container\">\n\t\t\t\t\t\t\t<p>La integridad es un valor fundamental en Ultrasist. Para fomentar un ambiente de trabajo transparente y confiable, ponemos a tu disposici\u00f3n un canal de denuncias confidencial.<\/p>\t\t\t\t\t\t<\/div>\n\t\t\t\t<\/div>\n\t\t\t\t\t<\/div>\n\t\t\t\t<\/div>\n\t\t<div class=\"elementor-element elementor-element-e80dd39 e-flex e-con-boxed e-con e-parent\" data-id=\"e80dd39\" data-element_type=\"container\">\n\t\t\t\t\t<div class=\"e-con-inner\">\n\t\t\t\t<div class=\"elementor-element elementor-element-656b68f elementor-widget elementor-widget-spacer\" data-id=\"656b68f\" data-element_type=\"widget\" data-widget_type=\"spacer.default\">\n\t\t\t\t<div class=\"elementor-widget-container\">\n\t\t\t\t\t<div class=\"elementor-spacer\">\n\t\t\t<div class=\"elementor-spacer-inner\"><\/div>\n\t\t<\/div>\n\t\t\t\t<\/div>\n\t\t\t\t<\/div>\n\t\t\t\t\t<\/div>\n\t\t\t\t<\/div>\n\t\t<div class=\"elementor-element elementor-element-39c00b4 e-grid e-con-boxed e-con e-parent\" data-id=\"39c00b4\" data-element_type=\"container\">\n\t\t\t\t\t<div class=\"e-con-inner\">\n\t\t\t\t<div class=\"elementor-element elementor-element-ef82503 elementor-position-top elementor-widget elementor-widget-image-box\" data-id=\"ef82503\" data-element_type=\"widget\" data-widget_type=\"image-box.default\">\n\t\t\t\t<div class=\"elementor-widget-container\">\n\t\t\t<div class=\"elementor-image-box-wrapper\"><figure class=\"elementor-image-box-img\"><img fetchpriority=\"high\" decoding=\"async\" width=\"300\" height=\"216\" src=\"https:\/\/www.ultrasist.mx\/ultrasite\/wp-content\/uploads\/2024\/10\/Canales-de-denuncias-Denuncia-con-confianza-1-1.jpg\" class=\"elementor-animation-grow attachment-blog-portfolio size-blog-portfolio wp-image-689\" alt=\"\" srcset=\"https:\/\/www.ultrasist.mx\/ultrasite\/wp-content\/uploads\/2024\/10\/Canales-de-denuncias-Denuncia-con-confianza-1-1.jpg 300w, https:\/\/www.ultrasist.mx\/ultrasite\/wp-content\/uploads\/2024\/10\/Canales-de-denuncias-Denuncia-con-confianza-1-1-104x75.jpg 104w\" sizes=\"(max-width:767px) 300px, 300px\" \/><\/figure><div class=\"elementor-image-box-content\"><h3 class=\"elementor-image-box-title\">Denuncia con confianza<\/h3><p class=\"elementor-image-box-description\">Si tienes conocimiento sobre posibles actos de corrupci\u00f3n o soborno y\/o actividades ilegales o que vayan en contra de nuestras pol\u00edticas, dentro o fuera de nuestra empresa, \u00a1den\u00fancialas!<\/p><\/div><\/div>\t\t<\/div>\n\t\t\t\t<\/div>\n\t\t\t\t<div class=\"elementor-element elementor-element-036a286 elementor-position-top elementor-widget elementor-widget-image-box\" data-id=\"036a286\" data-element_type=\"widget\" data-widget_type=\"image-box.default\">\n\t\t\t\t<div class=\"elementor-widget-container\">\n\t\t\t<div class=\"elementor-image-box-wrapper\"><figure class=\"elementor-image-box-img\"><img decoding=\"async\" width=\"300\" height=\"216\" src=\"https:\/\/www.ultrasist.mx\/ultrasite\/wp-content\/uploads\/2024\/10\/Canales-de-denuncias-Te-ofrecemos-1.jpg\" class=\"elementor-animation-grow attachment-blog-portfolio size-blog-portfolio wp-image-690\" alt=\"\" srcset=\"https:\/\/www.ultrasist.mx\/ultrasite\/wp-content\/uploads\/2024\/10\/Canales-de-denuncias-Te-ofrecemos-1.jpg 300w, https:\/\/www.ultrasist.mx\/ultrasite\/wp-content\/uploads\/2024\/10\/Canales-de-denuncias-Te-ofrecemos-1-104x75.jpg 104w\" sizes=\"(max-width:767px) 300px, 300px\" \/><\/figure><div class=\"elementor-image-box-content\"><h3 class=\"elementor-image-box-title\">Te ofrecemos<\/h3><p class=\"elementor-image-box-description\">Te garantizamos confidencialidad y protecci\u00f3n contra represalias, tu identidad estar\u00e1 protegida y tu denuncia ser\u00e1 tratada con la mayor confidencialidad.<\/p><\/div><\/div>\t\t<\/div>\n\t\t\t\t<\/div>\n\t\t\t\t<div class=\"elementor-element elementor-element-a99499e elementor-position-top elementor-widget elementor-widget-image-box\" data-id=\"a99499e\" data-element_type=\"widget\" data-widget_type=\"image-box.default\">\n\t\t\t\t<div class=\"elementor-widget-container\">\n\t\t\t<div class=\"elementor-image-box-wrapper\"><figure class=\"elementor-image-box-img\"><img decoding=\"async\" width=\"300\" height=\"216\" src=\"https:\/\/www.ultrasist.mx\/ultrasite\/wp-content\/uploads\/2024\/10\/Canales-de-denuncias-Ayudanos-1-1.jpg\" class=\"elementor-animation-grow attachment-blog-portfolio size-blog-portfolio wp-image-691\" alt=\"\" srcset=\"https:\/\/www.ultrasist.mx\/ultrasite\/wp-content\/uploads\/2024\/10\/Canales-de-denuncias-Ayudanos-1-1.jpg 300w, https:\/\/www.ultrasist.mx\/ultrasite\/wp-content\/uploads\/2024\/10\/Canales-de-denuncias-Ayudanos-1-1-104x75.jpg 104w\" sizes=\"(max-width:767px) 300px, 300px\" \/><\/figure><div class=\"elementor-image-box-content\"><h3 class=\"elementor-image-box-title\">Ay\u00fadanos<\/h3><p class=\"elementor-image-box-description\">Juntos podemos hacer lo correcto e identificar conductas inapropiadas para construir una empresa m\u00e1s transparente.<\/p><\/div><\/div>\t\t<\/div>\n\t\t\t\t<\/div>\n\t\t\t\t\t<\/div>\n\t\t\t\t<\/div>\n\t\t<div class=\"elementor-element elementor-element-08017ca e-flex e-con-boxed e-con e-parent\" data-id=\"08017ca\" data-element_type=\"container\">\n\t\t\t\t\t<div class=\"e-con-inner\">\n\t\t\t\t<div class=\"elementor-element elementor-element-3ab4423 elementor-widget elementor-widget-spacer\" data-id=\"3ab4423\" data-element_type=\"widget\" data-widget_type=\"spacer.default\">\n\t\t\t\t<div class=\"elementor-widget-container\">\n\t\t\t\t\t<div class=\"elementor-spacer\">\n\t\t\t<div class=\"elementor-spacer-inner\"><\/div>\n\t\t<\/div>\n\t\t\t\t<\/div>\n\t\t\t\t<\/div>\n\t\t\t\t\t<\/div>\n\t\t\t\t<\/div>\n\t\t<div class=\"elementor-element elementor-element-0e8080c e-flex e-con-boxed e-con e-parent\" data-id=\"0e8080c\" data-element_type=\"container\">\n\t\t\t\t\t<div class=\"e-con-inner\">\n\t\t\t\t<div class=\"elementor-element elementor-element-16abd6f elementor-widget elementor-widget-heading\" data-id=\"16abd6f\" data-element_type=\"widget\" data-widget_type=\"heading.default\">\n\t\t\t\t<div class=\"elementor-widget-container\">\n\t\t\t<h5 class=\"elementor-heading-title elementor-size-default\">Canal de denuncia<\/h5>\t\t<\/div>\n\t\t\t\t<\/div>\n\t\t\t\t<div class=\"elementor-element elementor-element-bbfb16f elementor-widget elementor-widget-text-editor\" data-id=\"bbfb16f\" data-element_type=\"widget\" data-widget_type=\"text-editor.default\">\n\t\t\t\t<div class=\"elementor-widget-container\">\n\t\t\t\t\t\t\t<p>Env\u00edanos un correo a <span style=\"color: #008080;\"><em><span style=\"text-decoration: underline;\"><a style=\"color: #008080; text-decoration: underline;\" href=\"mailto:us@ultrasist.com.mx\">us@ultrasist.com.mx<\/a><\/span><\/em><\/span> describiendo los hechos de manera clara y concisa. Puedes utilizar <a href=\"https:\/\/www.ultrasist.mx\/ultrasite\/wp-content\/uploads\/2024\/11\/Formato-Denuncia-de-Probables-Actos-de-Soborno-V-1.0-2024.pdf\"><span style=\"text-decoration: underline; color: #008080;\"><em>nuestro formato<\/em><\/span><\/a> de denuncia o escribir tu mensaje libremente. Tu identidad estar\u00e1 protegida.<\/p>\t\t\t\t\t\t<\/div>\n\t\t\t\t<\/div>\n\t\t\t\t\t<\/div>\n\t\t\t\t<\/div>\n\t\t<div class=\"elementor-element elementor-element-6e124bd e-flex e-con-boxed e-con e-parent\" data-id=\"6e124bd\" data-element_type=\"container\">\n\t\t\t\t\t<div class=\"e-con-inner\">\n\t\t\t\t<div class=\"elementor-element elementor-element-570fcda elementor-widget elementor-widget-spacer\" data-id=\"570fcda\" data-element_type=\"widget\" data-widget_type=\"spacer.default\">\n\t\t\t\t<div class=\"elementor-widget-container\">\n\t\t\t\t\t<div class=\"elementor-spacer\">\n\t\t\t<div class=\"elementor-spacer-inner\"><\/div>\n\t\t<\/div>\n\t\t\t\t<\/div>\n\t\t\t\t<\/div>\n\t\t\t\t\t<\/div>\n\t\t\t\t<\/div>\n\t\t<div class=\"elementor-element elementor-element-ba8576a e-flex e-con-boxed e-con e-parent\" data-id=\"ba8576a\" data-element_type=\"container\">\n\t\t\t\t\t<div class=\"e-con-inner\">\n\t\t\t\t<div class=\"elementor-element elementor-element-a00f542 elementor-widget elementor-widget-heading\" data-id=\"a00f542\" data-element_type=\"widget\" data-widget_type=\"heading.default\">\n\t\t\t\t<div class=\"elementor-widget-container\">\n\t\t\t<h5 class=\"elementor-heading-title elementor-size-default\">Compromiso con la investigaci\u00f3n<\/h5>\t\t<\/div>\n\t\t\t\t<\/div>\n\t\t\t\t<div class=\"elementor-element elementor-element-2c59c06 elementor-widget elementor-widget-text-editor\" data-id=\"2c59c06\" data-element_type=\"widget\" data-widget_type=\"text-editor.default\">\n\t\t\t\t<div class=\"elementor-widget-container\">\n\t\t\t\t\t\t\t<p>Tu denuncia ser\u00e1 investigada de manera confidencial y exhaustiva dentro de un plazo m\u00e1ximo de 15 d\u00edas h\u00e1biles. Durante este periodo, podremos solicitar tu colaboraci\u00f3n para recabar m\u00e1s informaci\u00f3n. Al finalizar la investigaci\u00f3n, recibir\u00e1s un informe por escrito con los resultados.<\/p>\t\t\t\t\t\t<\/div>\n\t\t\t\t<\/div>\n\t\t\t\t\t<\/div>\n\t\t\t\t<\/div>\n\t\t<div class=\"elementor-element elementor-element-14e7c8a e-flex e-con-boxed e-con e-parent\" data-id=\"14e7c8a\" data-element_type=\"container\">\n\t\t\t\t\t<div class=\"e-con-inner\">\n\t\t\t\t<div class=\"elementor-element elementor-element-cd08331 elementor-widget elementor-widget-spacer\" data-id=\"cd08331\" data-element_type=\"widget\" data-widget_type=\"spacer.default\">\n\t\t\t\t<div class=\"elementor-widget-container\">\n\t\t\t\t\t<div class=\"elementor-spacer\">\n\t\t\t<div class=\"elementor-spacer-inner\"><\/div>\n\t\t<\/div>\n\t\t\t\t<\/div>\n\t\t\t\t<\/div>\n\t\t\t\t\t<\/div>\n\t\t\t\t<\/div>\n\t\t<div class=\"elementor-element elementor-element-870d225 e-flex e-con-boxed e-con e-parent\" data-id=\"870d225\" data-element_type=\"container\">\n\t\t\t\t\t<div class=\"e-con-inner\">\n\t\t\t\t<div class=\"elementor-element elementor-element-0b39bc1 elementor-widget elementor-widget-heading\" data-id=\"0b39bc1\" data-element_type=\"widget\" data-widget_type=\"heading.default\">\n\t\t\t\t<div class=\"elementor-widget-container\">\n\t\t\t<h5 class=\"elementor-heading-title elementor-size-default\">Agradecimiento<\/h5>\t\t<\/div>\n\t\t\t\t<\/div>\n\t\t\t\t<div class=\"elementor-element elementor-element-40d7139 elementor-widget elementor-widget-text-editor\" data-id=\"40d7139\" data-element_type=\"widget\" data-widget_type=\"text-editor.default\">\n\t\t\t\t<div class=\"elementor-widget-container\">\n\t\t\t\t\t\t\t<p>Agradecemos tu colaboraci\u00f3n. Tu denuncia ser\u00e1 tratada con la m\u00e1s estricta confidencialidad y ser\u00e1 investigada a fondo. Tu reporte demuestra tu compromiso con la integridad de nuestra empresa.<\/p>\t\t\t\t\t\t<\/div>\n\t\t\t\t<\/div>\n\t\t\t\t\t<\/div>\n\t\t\t\t<\/div>\n\t\t<div class=\"elementor-element elementor-element-3f984ca e-flex e-con-boxed e-con e-parent\" data-id=\"3f984ca\" data-element_type=\"container\">\n\t\t\t\t\t<div class=\"e-con-inner\">\n\t\t\t\t<div class=\"elementor-element elementor-element-cc9034a elementor-widget elementor-widget-spacer\" data-id=\"cc9034a\" data-element_type=\"widget\" data-widget_type=\"spacer.default\">\n\t\t\t\t<div class=\"elementor-widget-container\">\n\t\t\t\t\t<div class=\"elementor-spacer\">\n\t\t\t<div class=\"elementor-spacer-inner\"><\/div>\n\t\t<\/div>\n\t\t\t\t<\/div>\n\t\t\t\t<\/div>\n\t\t\t\t\t<\/div>\n\t\t\t\t<\/div>\n\t\t\t\t<\/div>\n\t\t","protected":false},"excerpt":{"rendered":"<p>Denuncias de Soborno La integridad es un valor fundamental en Ultrasist. Para fomentar un ambiente de trabajo transparente y confiable, ponemos a tu disposici\u00f3n un canal<span class=\"excerpt-hellip\"> [\u2026]<\/span><\/p>\n","protected":false},"author":2,"featured_media":0,"parent":0,"menu_order":0,"comment_status":"closed","ping_status":"closed","template":"","meta":{"om_disable_all_campaigns":false,"_monsterinsights_skip_tracking":false,"_monsterinsights_sitenote_active":false,"_monsterinsights_sitenote_note":"","_monsterinsights_sitenote_category":0,"_uf_show_specific_survey":0,"_uf_disable_surveys":false,"_joinchat":[],"footnotes":""},"class_list":["post-673","page","type-page","status-publish","hentry"],"aioseo_notices":[],"_links":{"self":[{"href":"https:\/\/www.ultrasist.mx\/ultrasite\/wp-json\/wp\/v2\/pages\/673","targetHints":{"allow":["GET"]}}],"collection":[{"href":"https:\/\/www.ultrasist.mx\/ultrasite\/wp-json\/wp\/v2\/pages"}],"about":[{"href":"https:\/\/www.ultrasist.mx\/ultrasite\/wp-json\/wp\/v2\/types\/page"}],"author":[{"embeddable":true,"href":"https:\/\/www.ultrasist.mx\/ultrasite\/wp-json\/wp\/v2\/users\/2"}],"replies":[{"embeddable":true,"href":"https:\/\/www.ultrasist.mx\/ultrasite\/wp-json\/wp\/v2\/comments?post=673"}],"version-history":[{"count":99,"href":"https:\/\/www.ultrasist.mx\/ultrasite\/wp-json\/wp\/v2\/pages\/673\/revisions"}],"predecessor-version":[{"id":861,"href":"https:\/\/www.ultrasist.mx\/ultrasite\/wp-json\/wp\/v2\/pages\/673\/revisions\/861"}],"wp:attachment":[{"href":"https:\/\/www.ultrasist.mx\/ultrasite\/wp-json\/wp\/v2\/media?parent=673"}],"curies":[{"name":"wp","href":"https:\/\/api.w.org\/{rel}","templated":true}]}}