{"id":1152,"date":"2025-08-06T19:36:04","date_gmt":"2025-08-07T01:36:04","guid":{"rendered":"https:\/\/www.ultrasist.mx\/ultrasite\/?page_id=1152"},"modified":"2025-08-08T11:30:38","modified_gmt":"2025-08-08T17:30:38","slug":"support-neptuno","status":"publish","type":"page","link":"https:\/\/www.ultrasist.mx\/ultrasite\/support-neptuno\/","title":{"rendered":"Support"},"content":{"rendered":"\t\t<div data-elementor-type=\"wp-page\" data-elementor-id=\"1152\" class=\"elementor elementor-1152\">\n\t\t\t\t<div class=\"elementor-element elementor-element-dccf3d3 e-flex e-con-boxed e-con e-parent\" data-id=\"dccf3d3\" data-element_type=\"container\">\n\t\t\t\t\t<div class=\"e-con-inner\">\n\t\t\t\t<div class=\"elementor-element elementor-element-c6de9d6 elementor-widget elementor-widget-image\" data-id=\"c6de9d6\" data-element_type=\"widget\" data-widget_type=\"image.default\">\n\t\t\t\t<div class=\"elementor-widget-container\">\n\t\t\t\t\t\t\t\t\t\t\t\t\t<img decoding=\"async\" src=\"https:\/\/www.ultrasist.mx\/ultrasite\/wp-content\/uploads\/2025\/08\/HeaderSupport-Neptuno-texto-1200x434-1.jpg\" title=\"HeaderSupport-Neptuno-texto-1200&#215;434-1\" alt=\"HeaderSupport-Neptuno-texto-1200x434-1\" loading=\"lazy\" \/>\t\t\t\t\t\t\t\t\t\t\t\t\t<\/div>\n\t\t\t\t<\/div>\n\t\t\t\t<div class=\"elementor-element elementor-element-8a431d2 elementor-widget elementor-widget-spacer\" data-id=\"8a431d2\" data-element_type=\"widget\" data-widget_type=\"spacer.default\">\n\t\t\t\t<div class=\"elementor-widget-container\">\n\t\t\t\t\t<div class=\"elementor-spacer\">\n\t\t\t<div class=\"elementor-spacer-inner\"><\/div>\n\t\t<\/div>\n\t\t\t\t<\/div>\n\t\t\t\t<\/div>\n\t\t\t\t<div class=\"elementor-element elementor-element-ab1249a elementor-widget__width-initial elementor-widget elementor-widget-text-editor\" data-id=\"ab1249a\" data-element_type=\"widget\" data-widget_type=\"text-editor.default\">\n\t\t\t\t<div class=\"elementor-widget-container\">\n\t\t\t\t\t\t\t<p data-start=\"190\" data-end=\"489\">Estamos aqu\u00ed para ayudarte. Completa este formulario y nuestro equipo te brindar\u00e1 una soluci\u00f3n precisa y oportuna.<\/p><p data-start=\"190\" data-end=\"489\">Con <strong data-start=\"332\" data-end=\"364\">Neptuno<\/strong>, transformamos la gesti\u00f3n digital de tr\u00e1mites y servicios mediante la automatizaci\u00f3n de procesos y el uso de Inteligencia Artificial. Tu consulta es parte de nuestro compromiso con la mejora continua.<br data-start=\"565\" data-end=\"568\" \/>Gracias por contactarnos.<\/p>\t\t\t\t\t\t<\/div>\n\t\t\t\t<\/div>\n\t\t\t\t\t<\/div>\n\t\t\t\t<\/div>\n\t\t<div class=\"elementor-element elementor-element-4c21ee0 e-grid e-con-full e-con e-parent\" data-id=\"4c21ee0\" data-element_type=\"container\">\n\t\t\t\t<div class=\"elementor-element elementor-element-5578f8b elementor-widget__width-initial elementor-widget elementor-widget-image\" data-id=\"5578f8b\" data-element_type=\"widget\" data-widget_type=\"image.default\">\n\t\t\t\t<div class=\"elementor-widget-container\">\n\t\t\t\t\t\t\t\t\t\t\t\t\t<img decoding=\"async\" src=\"https:\/\/www.ultrasist.mx\/ultrasite\/wp-content\/uploads\/2025\/08\/Support-Neptuno-Formulario-v5.png\" title=\"Support-Neptuno-Formulario-v5\" alt=\"Support-Neptuno-Formulario-v5\" loading=\"lazy\" \/>\t\t\t\t\t\t\t\t\t\t\t\t\t<\/div>\n\t\t\t\t<\/div>\n\t\t\t\t<div class=\"elementor-element elementor-element-0875c03 elementor-widget__width-initial elementor-widget elementor-widget-shortcode\" data-id=\"0875c03\" data-element_type=\"widget\" data-widget_type=\"shortcode.default\">\n\t\t\t\t<div class=\"elementor-widget-container\">\n\t\t\t\t\t<div class=\"elementor-shortcode\">\n<div class=\"wpcf7 no-js\" id=\"wpcf7-f1157-o1\" lang=\"es-ES\" dir=\"ltr\" data-wpcf7-id=\"1157\">\n<div class=\"screen-reader-response\"><p role=\"status\" aria-live=\"polite\" aria-atomic=\"true\"><\/p> <ul><\/ul><\/div>\n<form action=\"\/ultrasite\/wp-json\/wp\/v2\/pages\/1152#wpcf7-f1157-o1\" method=\"post\" class=\"wpcf7-form init\" aria-label=\"Formulario de contacto\" novalidate=\"novalidate\" data-status=\"init\">\n<fieldset class=\"hidden-fields-container\"><input type=\"hidden\" name=\"_wpcf7\" value=\"1157\" \/><input type=\"hidden\" name=\"_wpcf7_version\" value=\"6.1.1\" \/><input type=\"hidden\" name=\"_wpcf7_locale\" value=\"es_ES\" \/><input type=\"hidden\" name=\"_wpcf7_unit_tag\" value=\"wpcf7-f1157-o1\" \/><input type=\"hidden\" name=\"_wpcf7_container_post\" value=\"0\" \/><input type=\"hidden\" name=\"_wpcf7_posted_data_hash\" value=\"\" \/>\n<\/fieldset>\n<p><label> Empresa:<br \/>\n<span class=\"wpcf7-form-control-wrap\" data-name=\"empresa\"><input size=\"40\" maxlength=\"100\" class=\"wpcf7-form-control wpcf7-text wpcf7-validates-as-required\" aria-required=\"true\" aria-invalid=\"false\" value=\"\" type=\"text\" name=\"empresa\" \/><\/span><br \/>\n<\/label>\n<\/p>\n<p><label> Nombre completo del contacto:<br \/>\n<span class=\"wpcf7-form-control-wrap\" data-name=\"nombre_completo_contacto\"><input size=\"40\" maxlength=\"100\" class=\"wpcf7-form-control wpcf7-text wpcf7-validates-as-required\" aria-required=\"true\" aria-invalid=\"false\" value=\"\" type=\"text\" name=\"nombre_completo_contacto\" \/><\/span><br \/>\n<\/label>\n<\/p>\n<p><label> Email:<br \/>\n<span class=\"wpcf7-form-control-wrap\" data-name=\"email\"><input size=\"40\" maxlength=\"30\" class=\"wpcf7-form-control wpcf7-email wpcf7-validates-as-required wpcf7-text wpcf7-validates-as-email\" aria-required=\"true\" aria-invalid=\"false\" value=\"\" type=\"email\" name=\"email\" \/><\/span><br \/>\n<\/label>\n<\/p>\n<p><label> Tel\u00e9fono:<br \/>\n<span class=\"wpcf7-form-control-wrap\" data-name=\"telefono\"><input size=\"40\" maxlength=\"10\" class=\"wpcf7-form-control wpcf7-tel wpcf7-validates-as-required wpcf7-text wpcf7-validates-as-tel\" aria-required=\"true\" aria-invalid=\"false\" value=\"\" type=\"tel\" name=\"telefono\" \/><\/span><br \/>\n<\/label>\n<\/p>\n<p><label> Asunto:<br \/>\n<span class=\"wpcf7-form-control-wrap\" data-name=\"asunto\"><input size=\"40\" maxlength=\"100\" class=\"wpcf7-form-control wpcf7-text wpcf7-validates-as-required\" aria-required=\"true\" aria-invalid=\"false\" value=\"\" type=\"text\" name=\"asunto\" \/><\/span><br \/>\n<\/label>\n<\/p>\n<p><label> Descripci\u00f3n:<br \/>\n<span class=\"wpcf7-form-control-wrap\" data-name=\"descripcion\"><textarea cols=\"40\" rows=\"10\" maxlength=\"2000\" class=\"wpcf7-form-control wpcf7-textarea wpcf7-validates-as-required\" aria-required=\"true\" aria-invalid=\"false\" name=\"descripcion\"><\/textarea><\/span><br \/>\n<\/label>\n<\/p>\n<p><input class=\"wpcf7-form-control wpcf7-submit has-spinner\" type=\"submit\" value=\"Enviar\" \/>\n<\/p><div class=\"wpcf7-response-output\" aria-hidden=\"true\"><\/div>\n<\/form>\n<\/div>\n\n<\/div>\n\t\t\t\t<\/div>\n\t\t\t\t<\/div>\n\t\t\t\t<\/div>\n\t\t\t\t<\/div>\n\t\t","protected":false},"excerpt":{"rendered":"<p>Estamos aqu\u00ed para ayudarte. Completa este formulario y nuestro equipo te brindar\u00e1 una soluci\u00f3n precisa y oportuna. Con Neptuno, transformamos la gesti\u00f3n digital de tr\u00e1mites y<span class=\"excerpt-hellip\"> [\u2026]<\/span><\/p>\n","protected":false},"author":5,"featured_media":0,"parent":0,"menu_order":0,"comment_status":"closed","ping_status":"closed","template":"","meta":{"om_disable_all_campaigns":false,"_monsterinsights_skip_tracking":false,"_monsterinsights_sitenote_active":false,"_monsterinsights_sitenote_note":"","_monsterinsights_sitenote_category":0,"_uf_show_specific_survey":0,"_uf_disable_surveys":false,"_joinchat":[],"footnotes":""},"class_list":["post-1152","page","type-page","status-publish","hentry"],"aioseo_notices":[],"_links":{"self":[{"href":"https:\/\/www.ultrasist.mx\/ultrasite\/wp-json\/wp\/v2\/pages\/1152","targetHints":{"allow":["GET"]}}],"collection":[{"href":"https:\/\/www.ultrasist.mx\/ultrasite\/wp-json\/wp\/v2\/pages"}],"about":[{"href":"https:\/\/www.ultrasist.mx\/ultrasite\/wp-json\/wp\/v2\/types\/page"}],"author":[{"embeddable":true,"href":"https:\/\/www.ultrasist.mx\/ultrasite\/wp-json\/wp\/v2\/users\/5"}],"replies":[{"embeddable":true,"href":"https:\/\/www.ultrasist.mx\/ultrasite\/wp-json\/wp\/v2\/comments?post=1152"}],"version-history":[{"count":16,"href":"https:\/\/www.ultrasist.mx\/ultrasite\/wp-json\/wp\/v2\/pages\/1152\/revisions"}],"predecessor-version":[{"id":1225,"href":"https:\/\/www.ultrasist.mx\/ultrasite\/wp-json\/wp\/v2\/pages\/1152\/revisions\/1225"}],"wp:attachment":[{"href":"https:\/\/www.ultrasist.mx\/ultrasite\/wp-json\/wp\/v2\/media?parent=1152"}],"curies":[{"name":"wp","href":"https:\/\/api.w.org\/{rel}","templated":true}]}}