{"id":1124,"date":"2025-07-30T20:23:26","date_gmt":"2025-07-31T02:23:26","guid":{"rendered":"https:\/\/www.ultrasist.mx\/ultrasite\/?page_id=1124"},"modified":"2025-07-31T11:00:55","modified_gmt":"2025-07-31T17:00:55","slug":"aviso-de-privacidad-neptuno","status":"publish","type":"page","link":"https:\/\/www.ultrasist.mx\/ultrasite\/aviso-de-privacidad-neptuno\/","title":{"rendered":"Aviso de privacidad Neptuno"},"content":{"rendered":"\t\t<div data-elementor-type=\"wp-page\" data-elementor-id=\"1124\" class=\"elementor elementor-1124\">\n\t\t\t\t<div class=\"elementor-element elementor-element-56f2efe e-flex e-con-boxed e-con e-parent\" data-id=\"56f2efe\" data-element_type=\"container\">\n\t\t\t\t\t<div class=\"e-con-inner\">\n\t\t\t\t<div class=\"elementor-element elementor-element-035a06d elementor-widget elementor-widget-image\" data-id=\"035a06d\" data-element_type=\"widget\" data-widget_type=\"image.default\">\n\t\t\t\t<div class=\"elementor-widget-container\">\n\t\t\t\t\t\t\t\t\t\t\t\t\t<img decoding=\"async\" src=\"https:\/\/www.ultrasist.mx\/ultrasite\/wp-content\/uploads\/2025\/07\/Header-Aviso-de-privacidad-Neptuno.jpg\" title=\"Header-Aviso-de-privacidad-Neptuno\" alt=\"Header-Aviso-de-privacidad-Neptuno\" loading=\"lazy\" \/>\t\t\t\t\t\t\t\t\t\t\t\t\t<\/div>\n\t\t\t\t<\/div>\n\t\t\t\t<div class=\"elementor-element elementor-element-5e1f434 elementor-widget elementor-widget-spacer\" data-id=\"5e1f434\" data-element_type=\"widget\" data-widget_type=\"spacer.default\">\n\t\t\t\t<div class=\"elementor-widget-container\">\n\t\t\t\t\t<div class=\"elementor-spacer\">\n\t\t\t<div class=\"elementor-spacer-inner\"><\/div>\n\t\t<\/div>\n\t\t\t\t<\/div>\n\t\t\t\t<\/div>\n\t\t\t\t\t<\/div>\n\t\t\t\t<\/div>\n\t\t<div class=\"elementor-element elementor-element-beb699a e-flex e-con-boxed e-con e-parent\" data-id=\"beb699a\" data-element_type=\"container\">\n\t\t\t\t\t<div class=\"e-con-inner\">\n\t\t\t\t<div class=\"elementor-element elementor-element-56dfb8b elementor-widget elementor-widget-heading\" data-id=\"56dfb8b\" data-element_type=\"widget\" data-widget_type=\"heading.default\">\n\t\t\t\t<div class=\"elementor-widget-container\">\n\t\t\t<p class=\"elementor-heading-title elementor-size-default\">Aviso de privacidad<\/p>\t\t<\/div>\n\t\t\t\t<\/div>\n\t\t\t\t\t<\/div>\n\t\t\t\t<\/div>\n\t\t<div class=\"elementor-element elementor-element-2be70a3 e-flex e-con-boxed e-con e-parent\" data-id=\"2be70a3\" data-element_type=\"container\">\n\t\t\t\t\t<div class=\"e-con-inner\">\n\t\t\t\t<div class=\"elementor-element elementor-element-57efd1d elementor-widget elementor-widget-heading\" data-id=\"57efd1d\" data-element_type=\"widget\" data-widget_type=\"heading.default\">\n\t\t\t\t<div class=\"elementor-widget-container\">\n\t\t\t<h5 class=\"elementor-heading-title elementor-size-default\">1. Introducci\u00f3n<\/h5>\t\t<\/div>\n\t\t\t\t<\/div>\n\t\t\t\t<div class=\"elementor-element elementor-element-0aeb2bf elementor-widget elementor-widget-text-editor\" data-id=\"0aeb2bf\" data-element_type=\"widget\" data-widget_type=\"text-editor.default\">\n\t\t\t\t<div class=\"elementor-widget-container\">\n\t\t\t\t\t\t\t<p>La presente Pol\u00edtica de Privacidad describe c\u00f3mo\u00a0<b>Neptuno\u00a0<\/b><b>Goverment<\/b>\u00a0(en adelante, \u201cla Plataforma\u201d) recopila, utiliza, almacena, comparte y protege la informaci\u00f3n personal de los usuarios que acceden y utilizan el software de tr\u00e1mites y servicios digitales proporcionado por esta entidad.<\/p>\t\t\t\t\t\t<\/div>\n\t\t\t\t<\/div>\n\t\t\t\t\t<\/div>\n\t\t\t\t<\/div>\n\t\t<div class=\"elementor-element elementor-element-bed339c e-flex e-con-boxed e-con e-parent\" data-id=\"bed339c\" data-element_type=\"container\">\n\t\t\t\t\t<div class=\"e-con-inner\">\n\t\t\t\t<div class=\"elementor-element elementor-element-eea7fff elementor-widget elementor-widget-heading\" data-id=\"eea7fff\" data-element_type=\"widget\" data-widget_type=\"heading.default\">\n\t\t\t\t<div class=\"elementor-widget-container\">\n\t\t\t<h5 class=\"elementor-heading-title elementor-size-default\">2. Datos personales que se recaban<\/h5>\t\t<\/div>\n\t\t\t\t<\/div>\n\t\t\t\t<div class=\"elementor-element elementor-element-06d634a elementor-widget elementor-widget-text-editor\" data-id=\"06d634a\" data-element_type=\"widget\" data-widget_type=\"text-editor.default\">\n\t\t\t\t<div class=\"elementor-widget-container\">\n\t\t\t\t\t\t\t<p>Al utilizar la Plataforma, se pueden recopilar los siguientes datos personales, de manera directa o indirecta:<\/p><ul><li><strong>Datos de identificaci\u00f3n:<\/strong> nombre completo, CURP, RFC, firma electr\u00f3nica.<\/li><li><strong>Datos de contacto:<\/strong> domicilio, correo electr\u00f3nico, n\u00famero telef\u00f3nico.<\/li><li><strong>Datos de autenticaci\u00f3n:<\/strong> nombre de usuario, contrase\u00f1a.<\/li><li><strong>Datos relacionados con el tr\u00e1mite:<\/strong> informaci\u00f3n espec\u00edfica del procedimiento o servicio solicitado.<\/li><\/ul>\t\t\t\t\t\t<\/div>\n\t\t\t\t<\/div>\n\t\t\t\t\t<\/div>\n\t\t\t\t<\/div>\n\t\t<div class=\"elementor-element elementor-element-20eabf9 e-flex e-con-boxed e-con e-parent\" data-id=\"20eabf9\" data-element_type=\"container\">\n\t\t\t\t\t<div class=\"e-con-inner\">\n\t\t\t\t<div class=\"elementor-element elementor-element-442d119 elementor-widget elementor-widget-heading\" data-id=\"442d119\" data-element_type=\"widget\" data-widget_type=\"heading.default\">\n\t\t\t\t<div class=\"elementor-widget-container\">\n\t\t\t<h5 class=\"elementor-heading-title elementor-size-default\">3. Finalidades del tratamiento de datos<\/h5>\t\t<\/div>\n\t\t\t\t<\/div>\n\t\t\t\t<div class=\"elementor-element elementor-element-07fa90c elementor-widget elementor-widget-text-editor\" data-id=\"07fa90c\" data-element_type=\"widget\" data-widget_type=\"text-editor.default\">\n\t\t\t\t<div class=\"elementor-widget-container\">\n\t\t\t\t\t\t\t<p>Los datos personales ser\u00e1n utilizados para:<\/p><ul><li>Registrar y autenticar al usuario en la Plataforma.<\/li><li>Procesar tr\u00e1mites, solicitudes o servicios digitales.<\/li><li>Emitir acuses, notificaciones o resoluciones.<\/li><li>Cumplir obligaciones legales y administrativas.<\/li><li>Mejorar la calidad de los servicios p\u00fablicos ofrecidos.<\/li><\/ul>\t\t\t\t\t\t<\/div>\n\t\t\t\t<\/div>\n\t\t\t\t\t<\/div>\n\t\t\t\t<\/div>\n\t\t<div class=\"elementor-element elementor-element-b38eb05 e-flex e-con-boxed e-con e-parent\" data-id=\"b38eb05\" data-element_type=\"container\">\n\t\t\t\t\t<div class=\"e-con-inner\">\n\t\t\t\t<div class=\"elementor-element elementor-element-8e83a34 elementor-widget elementor-widget-heading\" data-id=\"8e83a34\" data-element_type=\"widget\" data-widget_type=\"heading.default\">\n\t\t\t\t<div class=\"elementor-widget-container\">\n\t\t\t<h5 class=\"elementor-heading-title elementor-size-default\">4. Transferencia de datos personales<\/h5>\t\t<\/div>\n\t\t\t\t<\/div>\n\t\t\t\t<div class=\"elementor-element elementor-element-f3f9bd9 elementor-widget elementor-widget-text-editor\" data-id=\"f3f9bd9\" data-element_type=\"widget\" data-widget_type=\"text-editor.default\">\n\t\t\t\t<div class=\"elementor-widget-container\">\n\t\t\t\t\t\t\t<p>Los datos personales podr\u00e1n ser compartidos exclusivamente con otras dependencias de gobierno cuando sea necesario para la atenci\u00f3n de tr\u00e1mites o cumplimiento de obligaciones legales. No se transferir\u00e1 informaci\u00f3n a terceros distintos al sector p\u00fablico sin consentimiento del titular, salvo que medie orden judicial u obligaci\u00f3n legal.<\/p>\t\t\t\t\t\t<\/div>\n\t\t\t\t<\/div>\n\t\t\t\t\t<\/div>\n\t\t\t\t<\/div>\n\t\t<div class=\"elementor-element elementor-element-a5f60c3 e-flex e-con-boxed e-con e-parent\" data-id=\"a5f60c3\" data-element_type=\"container\">\n\t\t\t\t\t<div class=\"e-con-inner\">\n\t\t\t\t<div class=\"elementor-element elementor-element-2bfba2e elementor-widget elementor-widget-heading\" data-id=\"2bfba2e\" data-element_type=\"widget\" data-widget_type=\"heading.default\">\n\t\t\t\t<div class=\"elementor-widget-container\">\n\t\t\t<h5 class=\"elementor-heading-title elementor-size-default\">5. Conservaci\u00f3n de datos<\/h5>\t\t<\/div>\n\t\t\t\t<\/div>\n\t\t\t\t<div class=\"elementor-element elementor-element-1f73df2 elementor-widget elementor-widget-text-editor\" data-id=\"1f73df2\" data-element_type=\"widget\" data-widget_type=\"text-editor.default\">\n\t\t\t\t<div class=\"elementor-widget-container\">\n\t\t\t\t\t\t\t<p>Los datos personales ser\u00e1n conservados durante el tiempo necesario para cumplir con las finalidades del tratamiento, as\u00ed como los plazos establecidos por la normatividad aplicable en materia de archivos y transparencia.<\/p>\t\t\t\t\t\t<\/div>\n\t\t\t\t<\/div>\n\t\t\t\t\t<\/div>\n\t\t\t\t<\/div>\n\t\t<div class=\"elementor-element elementor-element-52294a1 e-flex e-con-boxed e-con e-parent\" data-id=\"52294a1\" data-element_type=\"container\">\n\t\t\t\t\t<div class=\"e-con-inner\">\n\t\t\t\t<div class=\"elementor-element elementor-element-0eb3ca3 elementor-widget elementor-widget-heading\" data-id=\"0eb3ca3\" data-element_type=\"widget\" data-widget_type=\"heading.default\">\n\t\t\t\t<div class=\"elementor-widget-container\">\n\t\t\t<h5 class=\"elementor-heading-title elementor-size-default\">6. Medidas de seguridad<\/h5>\t\t<\/div>\n\t\t\t\t<\/div>\n\t\t\t\t<div class=\"elementor-element elementor-element-bbd6bfc elementor-widget elementor-widget-text-editor\" data-id=\"bbd6bfc\" data-element_type=\"widget\" data-widget_type=\"text-editor.default\">\n\t\t\t\t<div class=\"elementor-widget-container\">\n\t\t\t\t\t\t\t<p>La Plataforma cuenta con medidas de seguridad administrativas, t\u00e9cnicas y f\u00edsicas para proteger la informaci\u00f3n personal contra da\u00f1o, p\u00e9rdida, alteraci\u00f3n, destrucci\u00f3n o uso no autorizado.<\/p>\t\t\t\t\t\t<\/div>\n\t\t\t\t<\/div>\n\t\t\t\t<div class=\"elementor-element elementor-element-a64e91a elementor-widget elementor-widget-spacer\" data-id=\"a64e91a\" data-element_type=\"widget\" data-widget_type=\"spacer.default\">\n\t\t\t\t<div class=\"elementor-widget-container\">\n\t\t\t\t\t<div class=\"elementor-spacer\">\n\t\t\t<div class=\"elementor-spacer-inner\"><\/div>\n\t\t<\/div>\n\t\t\t\t<\/div>\n\t\t\t\t<\/div>\n\t\t\t\t\t<\/div>\n\t\t\t\t<\/div>\n\t\t\t\t<\/div>\n\t\t","protected":false},"excerpt":{"rendered":"<p>Aviso de privacidad 1. Introducci\u00f3n La presente Pol\u00edtica de Privacidad describe c\u00f3mo\u00a0Neptuno\u00a0Goverment\u00a0(en adelante, \u201cla Plataforma\u201d) recopila, utiliza, almacena, comparte y protege la informaci\u00f3n personal de los<span class=\"excerpt-hellip\"> [\u2026]<\/span><\/p>\n","protected":false},"author":5,"featured_media":0,"parent":0,"menu_order":0,"comment_status":"closed","ping_status":"closed","template":"","meta":{"om_disable_all_campaigns":false,"_monsterinsights_skip_tracking":false,"_monsterinsights_sitenote_active":false,"_monsterinsights_sitenote_note":"","_monsterinsights_sitenote_category":0,"_uf_show_specific_survey":0,"_uf_disable_surveys":false,"_joinchat":[],"footnotes":""},"class_list":["post-1124","page","type-page","status-publish","hentry"],"aioseo_notices":[],"_links":{"self":[{"href":"https:\/\/www.ultrasist.mx\/ultrasite\/wp-json\/wp\/v2\/pages\/1124","targetHints":{"allow":["GET"]}}],"collection":[{"href":"https:\/\/www.ultrasist.mx\/ultrasite\/wp-json\/wp\/v2\/pages"}],"about":[{"href":"https:\/\/www.ultrasist.mx\/ultrasite\/wp-json\/wp\/v2\/types\/page"}],"author":[{"embeddable":true,"href":"https:\/\/www.ultrasist.mx\/ultrasite\/wp-json\/wp\/v2\/users\/5"}],"replies":[{"embeddable":true,"href":"https:\/\/www.ultrasist.mx\/ultrasite\/wp-json\/wp\/v2\/comments?post=1124"}],"version-history":[{"count":22,"href":"https:\/\/www.ultrasist.mx\/ultrasite\/wp-json\/wp\/v2\/pages\/1124\/revisions"}],"predecessor-version":[{"id":1158,"href":"https:\/\/www.ultrasist.mx\/ultrasite\/wp-json\/wp\/v2\/pages\/1124\/revisions\/1158"}],"wp:attachment":[{"href":"https:\/\/www.ultrasist.mx\/ultrasite\/wp-json\/wp\/v2\/media?parent=1124"}],"curies":[{"name":"wp","href":"https:\/\/api.w.org\/{rel}","templated":true}]}}